{"id":1384,"date":"2024-11-30T16:13:23","date_gmt":"2024-11-30T16:13:23","guid":{"rendered":"https:\/\/compagniedugriffon.fr\/?page_id=1384"},"modified":"2025-02-03T16:57:49","modified_gmt":"2025-02-03T16:57:49","slug":"organisateurs","status":"publish","type":"page","link":"https:\/\/compagniedugriffon.fr\/index.php\/organisateurs\/","title":{"rendered":"ORGANISATEURS"},"content":{"rendered":"\t\t<div data-elementor-type=\"wp-page\" data-elementor-id=\"1384\" class=\"elementor elementor-1384\">\n\t\t\t\t<div class=\"elementor-element elementor-element-2d339ed e-flex e-con-boxed e-con e-parent\" data-id=\"2d339ed\" data-element_type=\"container\">\n\t\t\t\t\t<div class=\"e-con-inner\">\n\t\t\t\t<div class=\"elementor-element elementor-element-dbc9acd elementor-widget elementor-widget-heading\" data-id=\"dbc9acd\" data-element_type=\"widget\" data-widget_type=\"heading.default\">\n\t\t\t\t<div class=\"elementor-widget-container\">\n\t\t\t\t\t<h2 class=\"elementor-heading-title elementor-size-default\">Vous souhaitez organiser un \u00e9v\u00e9nement authentique ?<\/h2>\t\t\t\t<\/div>\n\t\t\t\t<\/div>\n\t\t\t\t<div class=\"elementor-element elementor-element-5c10447 elementor-widget elementor-widget-text-editor\" data-id=\"5c10447\" data-element_type=\"widget\" data-widget_type=\"text-editor.default\">\n\t\t\t\t<div class=\"elementor-widget-container\">\n\t\t\t\t\t\t\t\t\t<p style=\"text-align: left;\">Chaque ann\u00e9e, de nombreuses communes proposent des festivit\u00e9s m\u00e9di\u00e9vales riches en animations : fauconnerie, danse, tournois de chevalerie et diverses d\u00e9monstrations. La Compagnie du Griffon a le plaisir de prendre part \u00e0 ces \u00e9v\u00e9nements, qui rencontrent toujours un vif succ\u00e8s.<\/p>\t\t\t\t\t\t\t\t<\/div>\n\t\t\t\t<\/div>\n\t\t\t\t<div class=\"elementor-element elementor-element-34c4e01 elementor-widget elementor-widget-text-editor\" data-id=\"34c4e01\" data-element_type=\"widget\" data-widget_type=\"text-editor.default\">\n\t\t\t\t<div class=\"elementor-widget-container\">\n\t\t\t\t\t\t\t\t\t<p>N\u2019h\u00e9sitez plus ! Faites de votre commune le th\u00e9\u00e2tre d\u2019un \u00e9v\u00e9nement ludique et authentique en collaborant avec la Compagnie du Griffon.<\/p>\t\t\t\t\t\t\t\t<\/div>\n\t\t\t\t<\/div>\n\t\t\t\t<div class=\"elementor-element elementor-element-b0839d1 elementor-widget elementor-widget-button\" data-id=\"b0839d1\" data-element_type=\"widget\" data-widget_type=\"button.default\">\n\t\t\t\t<div class=\"elementor-widget-container\">\n\t\t\t\t\t\t\t\t\t<div class=\"elementor-button-wrapper\">\n\t\t\t\t\t<a class=\"elementor-button elementor-button-link elementor-size-sm elementor-animation-grow\" href=\"https:\/\/compagniedugriffon.fr\/index.php\/contactez-nous\/\">\n\t\t\t\t\t\t<span class=\"elementor-button-content-wrapper\">\n\t\t\t\t\t\t\t\t\t<span class=\"elementor-button-text\">CONTACTEZ-NOUS<\/span>\n\t\t\t\t\t<\/span>\n\t\t\t\t\t<\/a>\n\t\t\t\t<\/div>\n\t\t\t\t\t\t\t\t<\/div>\n\t\t\t\t<\/div>\n\t\t\t\t<div class=\"elementor-element elementor-element-5411a5c elementor-widget elementor-widget-spacer\" data-id=\"5411a5c\" data-element_type=\"widget\" data-widget_type=\"spacer.default\">\n\t\t\t\t<div class=\"elementor-widget-container\">\n\t\t\t\t\t\t\t<div class=\"elementor-spacer\">\n\t\t\t<div class=\"elementor-spacer-inner\"><\/div>\n\t\t<\/div>\n\t\t\t\t\t\t<\/div>\n\t\t\t\t<\/div>\n\t\t\t\t<div class=\"elementor-element elementor-element-ac7feb7 elementor-widget elementor-widget-image\" data-id=\"ac7feb7\" data-element_type=\"widget\" data-widget_type=\"image.default\">\n\t\t\t\t<div class=\"elementor-widget-container\">\n\t\t\t\t\t\t\t\t\t\t\t\t\t\t\t<img fetchpriority=\"high\" decoding=\"async\" width=\"300\" height=\"200\" src=\"https:\/\/compagniedugriffon.fr\/wp-content\/uploads\/2024\/11\/griffon-vincent-300x200.webp\" class=\"attachment-medium size-medium wp-image-1081\" alt=\"Compagnie-du-griffon\" srcset=\"https:\/\/compagniedugriffon.fr\/wp-content\/uploads\/2024\/11\/griffon-vincent-300x200.webp 300w, https:\/\/compagniedugriffon.fr\/wp-content\/uploads\/2024\/11\/griffon-vincent-1024x683.webp 1024w, https:\/\/compagniedugriffon.fr\/wp-content\/uploads\/2024\/11\/griffon-vincent-768x512.webp 768w, https:\/\/compagniedugriffon.fr\/wp-content\/uploads\/2024\/11\/griffon-vincent-1536x1024.webp 1536w, https:\/\/compagniedugriffon.fr\/wp-content\/uploads\/2024\/11\/griffon-vincent-2048x1365.webp 2048w\" sizes=\"(max-width: 300px) 100vw, 300px\" \/>\t\t\t\t\t\t\t\t\t\t\t\t\t\t\t<\/div>\n\t\t\t\t<\/div>\n\t\t\t\t\t<\/div>\n\t\t\t\t<\/div>\n\t\t<div class=\"elementor-element elementor-element-a46b99c e-flex e-con-boxed e-con e-parent\" data-id=\"a46b99c\" data-element_type=\"container\">\n\t\t\t\t\t<div class=\"e-con-inner\">\n\t\t\t\t<div class=\"elementor-element elementor-element-58a5ac7 elementor-widget elementor-widget-heading\" data-id=\"58a5ac7\" data-element_type=\"widget\" data-widget_type=\"heading.default\">\n\t\t\t\t<div class=\"elementor-widget-container\">\n\t\t\t\t\t<h2 class=\"elementor-heading-title elementor-size-default\">Plongez dans l'univers m\u00e9di\u00e9val <\/h2>\t\t\t\t<\/div>\n\t\t\t\t<\/div>\n\t\t\t\t<div class=\"elementor-element elementor-element-5f9bcb9 elementor-widget elementor-widget-heading\" data-id=\"5f9bcb9\" data-element_type=\"widget\" data-widget_type=\"heading.default\">\n\t\t\t\t<div class=\"elementor-widget-container\">\n\t\t\t\t\t<h3 class=\"elementor-heading-title elementor-size-default\">Ce que nous vous proposons :<\/h3>\t\t\t\t<\/div>\n\t\t\t\t<\/div>\n\t\t\t\t\t<\/div>\n\t\t\t\t<\/div>\n\t\t<div class=\"elementor-element elementor-element-10f0240 e-flex e-con-boxed e-con e-parent\" data-id=\"10f0240\" data-element_type=\"container\">\n\t\t\t\t\t<div class=\"e-con-inner\">\n\t\t\t\t<div class=\"elementor-element elementor-element-8e50d58 elementor-widget elementor-widget-text-editor\" data-id=\"8e50d58\" data-element_type=\"widget\" data-widget_type=\"text-editor.default\">\n\t\t\t\t<div class=\"elementor-widget-container\">\n\t\t\t\t\t\t\t\t\t<ul class=\"marker:text-textOff list-disc pl-8\"><li>Une immersion totale dans l&rsquo;\u00e9poque m\u00e9di\u00e9vale<\/li><li>Des animations authentiques et interactives<\/li><li>Des costumes et accessoires fid\u00e8les \u00e0 l&rsquo;\u00e9poque<\/li><li>Des d\u00e9monstrations de savoir-faire ancestraux<\/li><\/ul>\t\t\t\t\t\t\t\t<\/div>\n\t\t\t\t<\/div>\n\t\t\t\t<div class=\"elementor-element elementor-element-17cbaef elementor-widget elementor-widget-image\" data-id=\"17cbaef\" data-element_type=\"widget\" data-widget_type=\"image.default\">\n\t\t\t\t<div class=\"elementor-widget-container\">\n\t\t\t\t\t\t\t\t\t\t\t\t\t\t\t<img decoding=\"async\" width=\"300\" height=\"222\" src=\"https:\/\/compagniedugriffon.fr\/wp-content\/uploads\/2024\/12\/dessin-300x222.png\" class=\"attachment-medium size-medium wp-image-1632\" alt=\"\" srcset=\"https:\/\/compagniedugriffon.fr\/wp-content\/uploads\/2024\/12\/dessin-300x222.png 300w, https:\/\/compagniedugriffon.fr\/wp-content\/uploads\/2024\/12\/dessin-768x569.png 768w, https:\/\/compagniedugriffon.fr\/wp-content\/uploads\/2024\/12\/dessin.png 1024w\" sizes=\"(max-width: 300px) 100vw, 300px\" \/>\t\t\t\t\t\t\t\t\t\t\t\t\t\t\t<\/div>\n\t\t\t\t<\/div>\n\t\t\t\t\t<\/div>\n\t\t\t\t<\/div>\n\t\t<div class=\"elementor-element elementor-element-1fcd448 e-flex e-con-boxed e-con e-parent\" data-id=\"1fcd448\" data-element_type=\"container\">\n\t\t\t\t\t<div class=\"e-con-inner\">\n\t\t\t\t<div class=\"elementor-element elementor-element-330d258 elementor-widget elementor-widget-image\" data-id=\"330d258\" data-element_type=\"widget\" data-widget_type=\"image.default\">\n\t\t\t\t<div class=\"elementor-widget-container\">\n\t\t\t\t\t\t\t\t\t\t\t\t\t\t\t<img decoding=\"async\" width=\"165\" height=\"39\" src=\"https:\/\/compagniedugriffon.fr\/wp-content\/uploads\/2024\/10\/separateur.png\" class=\"attachment-large size-large wp-image-136\" alt=\"\" \/>\t\t\t\t\t\t\t\t\t\t\t\t\t\t\t<\/div>\n\t\t\t\t<\/div>\n\t\t\t\t<div class=\"elementor-element elementor-element-4c861ef elementor-widget elementor-widget-heading\" data-id=\"4c861ef\" data-element_type=\"widget\" data-widget_type=\"heading.default\">\n\t\t\t\t<div class=\"elementor-widget-container\">\n\t\t\t\t\t<h3 class=\"elementor-heading-title elementor-size-default\">Pourquoi nous choisir ?<\/h3>\t\t\t\t<\/div>\n\t\t\t\t<\/div>\n\t\t\t\t\t<\/div>\n\t\t\t\t<\/div>\n\t\t<div class=\"elementor-element elementor-element-d64199d e-flex e-con-boxed e-con e-parent\" data-id=\"d64199d\" data-element_type=\"container\">\n\t\t\t\t\t<div class=\"e-con-inner\">\n\t\t\t\t<div class=\"elementor-element elementor-element-bf2febf elementor-widget elementor-widget-image\" data-id=\"bf2febf\" data-element_type=\"widget\" data-widget_type=\"image.default\">\n\t\t\t\t<div class=\"elementor-widget-container\">\n\t\t\t\t\t\t\t\t\t\t\t\t\t\t\t<img loading=\"lazy\" decoding=\"async\" width=\"150\" height=\"150\" src=\"https:\/\/compagniedugriffon.fr\/wp-content\/uploads\/2024\/11\/parcheminpicto-150x150.png\" class=\"attachment-thumbnail size-thumbnail wp-image-890\" alt=\"Notre mission authentique\" srcset=\"https:\/\/compagniedugriffon.fr\/wp-content\/uploads\/2024\/11\/parcheminpicto-150x150.png 150w, https:\/\/compagniedugriffon.fr\/wp-content\/uploads\/2024\/11\/parcheminpicto-300x297.png 300w, https:\/\/compagniedugriffon.fr\/wp-content\/uploads\/2024\/11\/parcheminpicto-1024x1014.png 1024w\" sizes=\"(max-width: 150px) 100vw, 150px\" \/>\t\t\t\t\t\t\t\t\t\t\t\t\t\t\t<\/div>\n\t\t\t\t<\/div>\n\t\t\t\t<div class=\"elementor-element elementor-element-60988e5 elementor-widget elementor-widget-text-editor\" data-id=\"60988e5\" data-element_type=\"widget\" data-widget_type=\"text-editor.default\">\n\t\t\t\t<div class=\"elementor-widget-container\">\n\t\t\t\t\t\t\t\t\t<ul class=\"marker:text-textOff list-disc pl-8\"><li>Une \u00e9quipe passionn\u00e9e et exp\u00e9riment\u00e9e<\/li><li>Un large \u00e9ventail d&rsquo;activit\u00e9s adaptables \u00e0 vos besoins<\/li><li>Un souci du d\u00e9tail historique pour une exp\u00e9rience authentique<\/li><li>Une collaboration \u00e9troite pour cr\u00e9er un \u00e9v\u00e9nement sur mesure<\/li><\/ul>\t\t\t\t\t\t\t\t<\/div>\n\t\t\t\t<\/div>\n\t\t\t\t\t<\/div>\n\t\t\t\t<\/div>\n\t\t<div class=\"elementor-element elementor-element-6af0f6c e-flex e-con-boxed e-con e-parent\" data-id=\"6af0f6c\" data-element_type=\"container\">\n\t\t\t\t\t<div class=\"e-con-inner\">\n\t\t\t\t<div class=\"elementor-element elementor-element-93d9540 elementor-widget elementor-widget-image\" data-id=\"93d9540\" data-element_type=\"widget\" data-widget_type=\"image.default\">\n\t\t\t\t<div class=\"elementor-widget-container\">\n\t\t\t\t\t\t\t\t\t\t\t\t\t\t\t<img decoding=\"async\" width=\"165\" height=\"39\" src=\"https:\/\/compagniedugriffon.fr\/wp-content\/uploads\/2024\/10\/separateur.png\" class=\"attachment-large size-large wp-image-136\" alt=\"\" \/>\t\t\t\t\t\t\t\t\t\t\t\t\t\t\t<\/div>\n\t\t\t\t<\/div>\n\t\t\t\t<div class=\"elementor-element elementor-element-183e3f2 elementor-widget elementor-widget-heading\" data-id=\"183e3f2\" data-element_type=\"widget\" data-widget_type=\"heading.default\">\n\t\t\t\t<div class=\"elementor-widget-container\">\n\t\t\t\t\t<h2 class=\"elementor-heading-title elementor-size-default\">Contactez-nous d\u00e8s maintenant !<\/h2>\t\t\t\t<\/div>\n\t\t\t\t<\/div>\n\t\t\t\t<div class=\"elementor-element elementor-element-1e92de1 elementor-widget elementor-widget-text-editor\" data-id=\"1e92de1\" data-element_type=\"widget\" data-widget_type=\"text-editor.default\">\n\t\t\t\t<div class=\"elementor-widget-container\">\n\t\t\t\t\t\t\t\t\t<p>Organisateurs d&rsquo;\u00e9v\u00e9nements, n&rsquo;attendez plus pour donner une dimension historique unique \u00e0 votre prochain projet. Contactez-nous pour discuter de votre projet et d\u00e9couvrir comment nous pouvons le transformer en une exp\u00e9rience m\u00e9di\u00e9vale inoubliable.<\/p>\t\t\t\t\t\t\t\t<\/div>\n\t\t\t\t<\/div>\n\t\t\t\t\t<\/div>\n\t\t\t\t<\/div>\n\t\t<div class=\"elementor-element elementor-element-48edd04 e-flex e-con-boxed e-con e-parent\" data-id=\"48edd04\" data-element_type=\"container\">\n\t\t\t\t\t<div class=\"e-con-inner\">\n\t\t\t\t<div class=\"elementor-element elementor-element-0eefe4d elementor-align-center elementor-widget elementor-widget-button\" data-id=\"0eefe4d\" data-element_type=\"widget\" data-widget_type=\"button.default\">\n\t\t\t\t<div class=\"elementor-widget-container\">\n\t\t\t\t\t\t\t\t\t<div class=\"elementor-button-wrapper\">\n\t\t\t\t\t<a class=\"elementor-button elementor-button-link elementor-size-sm elementor-animation-grow\" href=\"https:\/\/compagniedugriffon.fr\/index.php\/contactez-nous\/\">\n\t\t\t\t\t\t<span class=\"elementor-button-content-wrapper\">\n\t\t\t\t\t\t\t\t\t<span class=\"elementor-button-text\">CONTACTEZ-NOUS<\/span>\n\t\t\t\t\t<\/span>\n\t\t\t\t\t<\/a>\n\t\t\t\t<\/div>\n\t\t\t\t\t\t\t\t<\/div>\n\t\t\t\t<\/div>\n\t\t\t\t\t<\/div>\n\t\t\t\t<\/div>\n\t\t<div class=\"elementor-element elementor-element-27d45ff e-flex e-con-boxed e-con e-parent\" data-id=\"27d45ff\" data-element_type=\"container\">\n\t\t\t\t\t<div class=\"e-con-inner\">\n\t\t\t\t\t<\/div>\n\t\t\t\t<\/div>\n\t\t\t\t<\/div>\n\t\t\n    <div class=\"xs_social_share_widget xs_share_url after_content \t\tmain_content  wslu-style-1 wslu-share-box-shaped wslu-fill-colored wslu-none wslu-share-horizontal wslu-theme-font-no wslu-main_content\">\n\n\t\t\n        <ul>\n\t\t\t        <\/ul>\n    <\/div> \n","protected":false},"excerpt":{"rendered":"<p>Vous souhaitez organiser un \u00e9v\u00e9nement authentique ? Chaque ann\u00e9e, de nombreuses communes proposent des festivit\u00e9s m\u00e9di\u00e9vales riches en animations : fauconnerie, danse, tournois de chevalerie et diverses d\u00e9monstrations. La Compagnie du Griffon a le plaisir de prendre part \u00e0 ces \u00e9v\u00e9nements, qui rencontrent toujours un vif succ\u00e8s. N\u2019h\u00e9sitez plus ! Faites de votre commune le [&hellip;]<\/p>\n","protected":false},"author":1,"featured_media":0,"parent":0,"menu_order":0,"comment_status":"closed","ping_status":"closed","template":"elementor_canvas","meta":{"footnotes":""},"class_list":["post-1384","page","type-page","status-publish","hentry"],"yoast_head":"<!-- This site is optimized with the Yoast SEO plugin v26.4 - https:\/\/yoast.com\/wordpress\/plugins\/seo\/ -->\n<title>Organisateurs d&#039;\u00e9v\u00e9nements<\/title>\n<meta name=\"description\" content=\"Organisateurs d&#039;\u00e9v\u00e8nements, n&#039;attendez plus pour donner une dimension historique unique \u00e0 votre prochain projet. Contactez-nous.\" \/>\n<meta name=\"robots\" content=\"index, follow, max-snippet:-1, max-image-preview:large, max-video-preview:-1\" \/>\n<link rel=\"canonical\" href=\"https:\/\/compagniedugriffon.fr\/index.php\/organisateurs\/\" \/>\n<meta property=\"og:locale\" content=\"fr_FR\" \/>\n<meta property=\"og:type\" content=\"article\" \/>\n<meta property=\"og:title\" content=\"Organisateurs d&#039;\u00e9v\u00e9nements\" \/>\n<meta property=\"og:description\" content=\"Organisateurs d&#039;\u00e9v\u00e8nements, n&#039;attendez plus pour donner une dimension historique unique \u00e0 votre prochain projet. Contactez-nous.\" \/>\n<meta property=\"og:url\" content=\"https:\/\/compagniedugriffon.fr\/index.php\/organisateurs\/\" \/>\n<meta property=\"og:site_name\" content=\"La Compagnie du Griffon\" \/>\n<meta property=\"article:modified_time\" content=\"2025-02-03T16:57:49+00:00\" \/>\n<meta property=\"og:image\" content=\"https:\/\/compagniedugriffon.fr\/wp-content\/uploads\/2024\/11\/griffon-vincent-scaled.webp\" \/>\n\t<meta property=\"og:image:width\" content=\"2560\" \/>\n\t<meta property=\"og:image:height\" content=\"1707\" \/>\n\t<meta property=\"og:image:type\" content=\"image\/webp\" \/>\n<meta name=\"twitter:card\" content=\"summary_large_image\" \/>\n<meta name=\"twitter:label1\" content=\"Dur\u00e9e de lecture estim\u00e9e\" \/>\n\t<meta name=\"twitter:data1\" content=\"2 minutes\" \/>\n<script type=\"application\/ld+json\" class=\"yoast-schema-graph\">{\"@context\":\"https:\/\/schema.org\",\"@graph\":[{\"@type\":\"WebPage\",\"@id\":\"https:\/\/compagniedugriffon.fr\/index.php\/organisateurs\/\",\"url\":\"https:\/\/compagniedugriffon.fr\/index.php\/organisateurs\/\",\"name\":\"Organisateurs d'\u00e9v\u00e9nements\",\"isPartOf\":{\"@id\":\"https:\/\/compagniedugriffon.fr\/#website\"},\"primaryImageOfPage\":{\"@id\":\"https:\/\/compagniedugriffon.fr\/index.php\/organisateurs\/#primaryimage\"},\"image\":{\"@id\":\"https:\/\/compagniedugriffon.fr\/index.php\/organisateurs\/#primaryimage\"},\"thumbnailUrl\":\"https:\/\/compagniedugriffon.fr\/wp-content\/uploads\/2024\/11\/griffon-vincent-300x200.webp\",\"datePublished\":\"2024-11-30T16:13:23+00:00\",\"dateModified\":\"2025-02-03T16:57:49+00:00\",\"description\":\"Organisateurs d'\u00e9v\u00e8nements, n'attendez plus pour donner une dimension historique unique \u00e0 votre prochain projet. Contactez-nous.\",\"breadcrumb\":{\"@id\":\"https:\/\/compagniedugriffon.fr\/index.php\/organisateurs\/#breadcrumb\"},\"inLanguage\":\"fr-FR\",\"potentialAction\":[{\"@type\":\"ReadAction\",\"target\":[\"https:\/\/compagniedugriffon.fr\/index.php\/organisateurs\/\"]}]},{\"@type\":\"ImageObject\",\"inLanguage\":\"fr-FR\",\"@id\":\"https:\/\/compagniedugriffon.fr\/index.php\/organisateurs\/#primaryimage\",\"url\":\"https:\/\/compagniedugriffon.fr\/wp-content\/uploads\/2024\/11\/griffon-vincent-scaled.webp\",\"contentUrl\":\"https:\/\/compagniedugriffon.fr\/wp-content\/uploads\/2024\/11\/griffon-vincent-scaled.webp\",\"width\":2560,\"height\":1707,\"caption\":\"Compagnie-du-griffon\"},{\"@type\":\"BreadcrumbList\",\"@id\":\"https:\/\/compagniedugriffon.fr\/index.php\/organisateurs\/#breadcrumb\",\"itemListElement\":[{\"@type\":\"ListItem\",\"position\":1,\"name\":\"Accueil\",\"item\":\"https:\/\/compagniedugriffon.fr\/\"},{\"@type\":\"ListItem\",\"position\":2,\"name\":\"ORGANISATEURS\"}]},{\"@type\":\"WebSite\",\"@id\":\"https:\/\/compagniedugriffon.fr\/#website\",\"url\":\"https:\/\/compagniedugriffon.fr\/\",\"name\":\"La Compagnie du Griffon - Association M\u00e9di\u00e9vale\",\"description\":\"\",\"publisher\":{\"@id\":\"https:\/\/compagniedugriffon.fr\/#organization\"},\"potentialAction\":[{\"@type\":\"SearchAction\",\"target\":{\"@type\":\"EntryPoint\",\"urlTemplate\":\"https:\/\/compagniedugriffon.fr\/?s={search_term_string}\"},\"query-input\":{\"@type\":\"PropertyValueSpecification\",\"valueRequired\":true,\"valueName\":\"search_term_string\"}}],\"inLanguage\":\"fr-FR\"},{\"@type\":\"Organization\",\"@id\":\"https:\/\/compagniedugriffon.fr\/#organization\",\"name\":\"La Compagnie du Griffon - Association de reconstitution M\u00e9di\u00e9vale\",\"alternateName\":\"La Compagnie du Griffon - Association de reconstitution M\u00e9di\u00e9vale\",\"url\":\"https:\/\/compagniedugriffon.fr\/\",\"logo\":{\"@type\":\"ImageObject\",\"inLanguage\":\"fr-FR\",\"@id\":\"https:\/\/compagniedugriffon.fr\/#\/schema\/logo\/image\/\",\"url\":\"https:\/\/compagniedugriffon.fr\/wp-content\/uploads\/2024\/10\/Fichier-6-8.png\",\"contentUrl\":\"https:\/\/compagniedugriffon.fr\/wp-content\/uploads\/2024\/10\/Fichier-6-8.png\",\"width\":206,\"height\":302,\"caption\":\"La Compagnie du Griffon - Association de reconstitution M\u00e9di\u00e9vale\"},\"image\":{\"@id\":\"https:\/\/compagniedugriffon.fr\/#\/schema\/logo\/image\/\"}}]}<\/script>\n<!-- \/ Yoast SEO plugin. -->","yoast_head_json":{"title":"Organisateurs d'\u00e9v\u00e9nements","description":"Organisateurs d'\u00e9v\u00e8nements, n'attendez plus pour donner une dimension historique unique \u00e0 votre prochain projet. Contactez-nous.","robots":{"index":"index","follow":"follow","max-snippet":"max-snippet:-1","max-image-preview":"max-image-preview:large","max-video-preview":"max-video-preview:-1"},"canonical":"https:\/\/compagniedugriffon.fr\/index.php\/organisateurs\/","og_locale":"fr_FR","og_type":"article","og_title":"Organisateurs d'\u00e9v\u00e9nements","og_description":"Organisateurs d'\u00e9v\u00e8nements, n'attendez plus pour donner une dimension historique unique \u00e0 votre prochain projet. Contactez-nous.","og_url":"https:\/\/compagniedugriffon.fr\/index.php\/organisateurs\/","og_site_name":"La Compagnie du Griffon","article_modified_time":"2025-02-03T16:57:49+00:00","og_image":[{"width":2560,"height":1707,"url":"https:\/\/compagniedugriffon.fr\/wp-content\/uploads\/2024\/11\/griffon-vincent-scaled.webp","type":"image\/webp"}],"twitter_card":"summary_large_image","twitter_misc":{"Dur\u00e9e de lecture estim\u00e9e":"2 minutes"},"schema":{"@context":"https:\/\/schema.org","@graph":[{"@type":"WebPage","@id":"https:\/\/compagniedugriffon.fr\/index.php\/organisateurs\/","url":"https:\/\/compagniedugriffon.fr\/index.php\/organisateurs\/","name":"Organisateurs d'\u00e9v\u00e9nements","isPartOf":{"@id":"https:\/\/compagniedugriffon.fr\/#website"},"primaryImageOfPage":{"@id":"https:\/\/compagniedugriffon.fr\/index.php\/organisateurs\/#primaryimage"},"image":{"@id":"https:\/\/compagniedugriffon.fr\/index.php\/organisateurs\/#primaryimage"},"thumbnailUrl":"https:\/\/compagniedugriffon.fr\/wp-content\/uploads\/2024\/11\/griffon-vincent-300x200.webp","datePublished":"2024-11-30T16:13:23+00:00","dateModified":"2025-02-03T16:57:49+00:00","description":"Organisateurs d'\u00e9v\u00e8nements, n'attendez plus pour donner une dimension historique unique \u00e0 votre prochain projet. Contactez-nous.","breadcrumb":{"@id":"https:\/\/compagniedugriffon.fr\/index.php\/organisateurs\/#breadcrumb"},"inLanguage":"fr-FR","potentialAction":[{"@type":"ReadAction","target":["https:\/\/compagniedugriffon.fr\/index.php\/organisateurs\/"]}]},{"@type":"ImageObject","inLanguage":"fr-FR","@id":"https:\/\/compagniedugriffon.fr\/index.php\/organisateurs\/#primaryimage","url":"https:\/\/compagniedugriffon.fr\/wp-content\/uploads\/2024\/11\/griffon-vincent-scaled.webp","contentUrl":"https:\/\/compagniedugriffon.fr\/wp-content\/uploads\/2024\/11\/griffon-vincent-scaled.webp","width":2560,"height":1707,"caption":"Compagnie-du-griffon"},{"@type":"BreadcrumbList","@id":"https:\/\/compagniedugriffon.fr\/index.php\/organisateurs\/#breadcrumb","itemListElement":[{"@type":"ListItem","position":1,"name":"Accueil","item":"https:\/\/compagniedugriffon.fr\/"},{"@type":"ListItem","position":2,"name":"ORGANISATEURS"}]},{"@type":"WebSite","@id":"https:\/\/compagniedugriffon.fr\/#website","url":"https:\/\/compagniedugriffon.fr\/","name":"La Compagnie du Griffon - Association M\u00e9di\u00e9vale","description":"","publisher":{"@id":"https:\/\/compagniedugriffon.fr\/#organization"},"potentialAction":[{"@type":"SearchAction","target":{"@type":"EntryPoint","urlTemplate":"https:\/\/compagniedugriffon.fr\/?s={search_term_string}"},"query-input":{"@type":"PropertyValueSpecification","valueRequired":true,"valueName":"search_term_string"}}],"inLanguage":"fr-FR"},{"@type":"Organization","@id":"https:\/\/compagniedugriffon.fr\/#organization","name":"La Compagnie du Griffon - Association de reconstitution M\u00e9di\u00e9vale","alternateName":"La Compagnie du Griffon - Association de reconstitution M\u00e9di\u00e9vale","url":"https:\/\/compagniedugriffon.fr\/","logo":{"@type":"ImageObject","inLanguage":"fr-FR","@id":"https:\/\/compagniedugriffon.fr\/#\/schema\/logo\/image\/","url":"https:\/\/compagniedugriffon.fr\/wp-content\/uploads\/2024\/10\/Fichier-6-8.png","contentUrl":"https:\/\/compagniedugriffon.fr\/wp-content\/uploads\/2024\/10\/Fichier-6-8.png","width":206,"height":302,"caption":"La Compagnie du Griffon - Association de reconstitution M\u00e9di\u00e9vale"},"image":{"@id":"https:\/\/compagniedugriffon.fr\/#\/schema\/logo\/image\/"}}]}},"_links":{"self":[{"href":"https:\/\/compagniedugriffon.fr\/index.php\/wp-json\/wp\/v2\/pages\/1384","targetHints":{"allow":["GET"]}}],"collection":[{"href":"https:\/\/compagniedugriffon.fr\/index.php\/wp-json\/wp\/v2\/pages"}],"about":[{"href":"https:\/\/compagniedugriffon.fr\/index.php\/wp-json\/wp\/v2\/types\/page"}],"author":[{"embeddable":true,"href":"https:\/\/compagniedugriffon.fr\/index.php\/wp-json\/wp\/v2\/users\/1"}],"replies":[{"embeddable":true,"href":"https:\/\/compagniedugriffon.fr\/index.php\/wp-json\/wp\/v2\/comments?post=1384"}],"version-history":[{"count":32,"href":"https:\/\/compagniedugriffon.fr\/index.php\/wp-json\/wp\/v2\/pages\/1384\/revisions"}],"predecessor-version":[{"id":1882,"href":"https:\/\/compagniedugriffon.fr\/index.php\/wp-json\/wp\/v2\/pages\/1384\/revisions\/1882"}],"wp:attachment":[{"href":"https:\/\/compagniedugriffon.fr\/index.php\/wp-json\/wp\/v2\/media?parent=1384"}],"curies":[{"name":"wp","href":"https:\/\/api.w.org\/{rel}","templated":true}]}}