{"id":327,"date":"2024-10-27T06:45:25","date_gmt":"2024-10-27T06:45:25","guid":{"rendered":"https:\/\/compagniedugriffon.fr\/?page_id=327"},"modified":"2024-12-04T19:09:10","modified_gmt":"2024-12-04T19:09:10","slug":"politique-de-confidentialite","status":"publish","type":"page","link":"https:\/\/compagniedugriffon.fr\/index.php\/politique-de-confidentialite\/","title":{"rendered":"Politique de confidentialit\u00e9"},"content":{"rendered":"\t\t<div data-elementor-type=\"wp-page\" data-elementor-id=\"327\" class=\"elementor elementor-327\">\n\t\t\t\t<div class=\"elementor-element elementor-element-6ca2b96 e-flex e-con-boxed e-con e-parent\" data-id=\"6ca2b96\" data-element_type=\"container\" data-settings=\"{&quot;background_background&quot;:&quot;classic&quot;}\">\n\t\t\t\t\t<div class=\"e-con-inner\">\n\t\t\t\t<div class=\"elementor-element elementor-element-a5857e1 elementor-widget elementor-widget-text-editor\" data-id=\"a5857e1\" data-element_type=\"widget\" data-widget_type=\"text-editor.default\">\n\t\t\t\t<div class=\"elementor-widget-container\">\n\t\t\t\t\t\t\t\t\t<p>Nous attachons une grande importance \u00e0 la protection de vos donn\u00e9es personnelles. Cette politique de confidentialit\u00e9 vous informe de la mani\u00e8re dont nous collectons, utilisons et prot\u00e9geons vos donn\u00e9es personnelles, conform\u00e9ment au R\u00e8glement G\u00e9n\u00e9ral sur la Protection des Donn\u00e9es (RGPD).<\/p>\t\t\t\t\t\t\t\t<\/div>\n\t\t\t\t<\/div>\n\t\t\t\t<div class=\"elementor-element elementor-element-d490cb9 elementor-widget elementor-widget-heading\" data-id=\"d490cb9\" data-element_type=\"widget\" data-widget_type=\"heading.default\">\n\t\t\t\t<div class=\"elementor-widget-container\">\n\t\t\t\t\t<h3 class=\"elementor-heading-title elementor-size-default\">Responsable du Traitement des Donn\u00e9es<\/h3>\t\t\t\t<\/div>\n\t\t\t\t<\/div>\n\t\t\t\t<div class=\"elementor-element elementor-element-150aa53 elementor-widget elementor-widget-text-editor\" data-id=\"150aa53\" data-element_type=\"widget\" data-widget_type=\"text-editor.default\">\n\t\t\t\t<div class=\"elementor-widget-container\">\n\t\t\t\t\t\t\t\t\t<p>Le responsable du traitement des donn\u00e9es collect\u00e9es sur ce site est <strong>LA COMPAGNIE DU GRIFFON<\/strong>, ayant son si\u00e8ge social \u00e0 <strong>177, rue du Brun Pain 59200 Tourcoing<\/strong>. Vous pouvez nous contacter par email \u00e0 <strong>compagniedugriffon@free.fr<\/strong> pour toute question relative \u00e0 la protection des donn\u00e9es.<\/p>\t\t\t\t\t\t\t\t<\/div>\n\t\t\t\t<\/div>\n\t\t\t\t<div class=\"elementor-element elementor-element-d0c1733 elementor-widget elementor-widget-heading\" data-id=\"d0c1733\" data-element_type=\"widget\" data-widget_type=\"heading.default\">\n\t\t\t\t<div class=\"elementor-widget-container\">\n\t\t\t\t\t<h3 class=\"elementor-heading-title elementor-size-default\">Donn\u00e9es Collect\u00e9es<\/h3>\t\t\t\t<\/div>\n\t\t\t\t<\/div>\n\t\t\t\t<div class=\"elementor-element elementor-element-9a3f34c elementor-widget elementor-widget-text-editor\" data-id=\"9a3f34c\" data-element_type=\"widget\" data-widget_type=\"text-editor.default\">\n\t\t\t\t<div class=\"elementor-widget-container\">\n\t\t\t\t\t\t\t\t\t<p>Nous collectons les donn\u00e9es personnelles suivantes dans le cadre de nos activit\u00e9s :<\/p><ul><li><strong>Informations de contact<\/strong> : nom, pr\u00e9nom, adresse email, num\u00e9ro de t\u00e9l\u00e9phone (si fourni via le formulaire de contact).<\/li><li><strong>Donn\u00e9es techniques<\/strong> : adresse IP, type de navigateur, temps de visite (pour l\u2019analyse de la fr\u00e9quentation du site).<\/li><\/ul>\t\t\t\t\t\t\t\t<\/div>\n\t\t\t\t<\/div>\n\t\t\t\t<div class=\"elementor-element elementor-element-aede529 elementor-widget elementor-widget-text-editor\" data-id=\"aede529\" data-element_type=\"widget\" data-widget_type=\"text-editor.default\">\n\t\t\t\t<div class=\"elementor-widget-container\">\n\t\t\t\t\t\t\t\t\t<p>Ces donn\u00e9es sont collect\u00e9es lorsque vous :<\/p><ul><li>Remplissez un formulaire de contact.<\/li><li>Acceptez les cookies de notre site.<\/li><\/ul>\t\t\t\t\t\t\t\t<\/div>\n\t\t\t\t<\/div>\n\t\t\t\t<div class=\"elementor-element elementor-element-2f5c61d elementor-widget elementor-widget-heading\" data-id=\"2f5c61d\" data-element_type=\"widget\" data-widget_type=\"heading.default\">\n\t\t\t\t<div class=\"elementor-widget-container\">\n\t\t\t\t\t<h3 class=\"elementor-heading-title elementor-size-default\">Objectifs du Traitement des Donn\u00e9es<\/h3>\t\t\t\t<\/div>\n\t\t\t\t<\/div>\n\t\t\t\t<div class=\"elementor-element elementor-element-f617a50 elementor-widget elementor-widget-text-editor\" data-id=\"f617a50\" data-element_type=\"widget\" data-widget_type=\"text-editor.default\">\n\t\t\t\t<div class=\"elementor-widget-container\">\n\t\t\t\t\t\t\t\t\t<p>Nous collectons vos donn\u00e9es pour les finalit\u00e9s suivantes :<\/p><ul><li>R\u00e9pondre \u00e0 vos demandes via le formulaire de contact.<\/li><li>Vous informer sur nos activit\u00e9s, \u00e9v\u00e9nements et ateliers.<\/li><li>Analyser la fr\u00e9quentation et am\u00e9liorer l\u2019exp\u00e9rience utilisateur de notre site.<\/li><\/ul>\t\t\t\t\t\t\t\t<\/div>\n\t\t\t\t<\/div>\n\t\t\t\t<div class=\"elementor-element elementor-element-c873e44 elementor-widget elementor-widget-heading\" data-id=\"c873e44\" data-element_type=\"widget\" data-widget_type=\"heading.default\">\n\t\t\t\t<div class=\"elementor-widget-container\">\n\t\t\t\t\t<h3 class=\"elementor-heading-title elementor-size-default\"> Dur\u00e9e de Conservation des Donn\u00e9es<\/h3>\t\t\t\t<\/div>\n\t\t\t\t<\/div>\n\t\t\t\t<div class=\"elementor-element elementor-element-b84cb90 elementor-widget elementor-widget-text-editor\" data-id=\"b84cb90\" data-element_type=\"widget\" data-widget_type=\"text-editor.default\">\n\t\t\t\t<div class=\"elementor-widget-container\">\n\t\t\t\t\t\t\t\t\t<p>Les donn\u00e9es de contact sont conserv\u00e9es pour une dur\u00e9e maximale de <strong>3 ans<\/strong> \u00e0 compter de votre dernier contact avec nous. Les donn\u00e9es analytiques sont conserv\u00e9es pour une dur\u00e9e de <strong>13 mois<\/strong>.<\/p>\t\t\t\t\t\t\t\t<\/div>\n\t\t\t\t<\/div>\n\t\t\t\t<div class=\"elementor-element elementor-element-3985849 elementor-widget elementor-widget-heading\" data-id=\"3985849\" data-element_type=\"widget\" data-widget_type=\"heading.default\">\n\t\t\t\t<div class=\"elementor-widget-container\">\n\t\t\t\t\t<h3 class=\"elementor-heading-title elementor-size-default\">Partage et Destinataires des Donn\u00e9es<\/h3>\t\t\t\t<\/div>\n\t\t\t\t<\/div>\n\t\t\t\t<div class=\"elementor-element elementor-element-014e0b4 elementor-widget elementor-widget-text-editor\" data-id=\"014e0b4\" data-element_type=\"widget\" data-widget_type=\"text-editor.default\">\n\t\t\t\t<div class=\"elementor-widget-container\">\n\t\t\t\t\t\t\t\t\t<p>Vos donn\u00e9es sont strictement confidentielles et ne sont pas partag\u00e9es avec des tiers, sauf dans les cas suivants :<\/p><ul><li>Lorsque cela est n\u00e9cessaire pour r\u00e9pondre \u00e0 vos demandes (par exemple, avec un prestataire technique de notre site).<\/li><li>Pour respecter une obligation l\u00e9gale ou r\u00e9glementaire.<\/li><\/ul>\t\t\t\t\t\t\t\t<\/div>\n\t\t\t\t<\/div>\n\t\t\t\t<div class=\"elementor-element elementor-element-69c597e elementor-widget elementor-widget-heading\" data-id=\"69c597e\" data-element_type=\"widget\" data-widget_type=\"heading.default\">\n\t\t\t\t<div class=\"elementor-widget-container\">\n\t\t\t\t\t<h3 class=\"elementor-heading-title elementor-size-default\">Droits des Utilisateurs<\/h3>\t\t\t\t<\/div>\n\t\t\t\t<\/div>\n\t\t\t\t<div class=\"elementor-element elementor-element-bdc81f8 elementor-widget elementor-widget-text-editor\" data-id=\"bdc81f8\" data-element_type=\"widget\" data-widget_type=\"text-editor.default\">\n\t\t\t\t<div class=\"elementor-widget-container\">\n\t\t\t\t\t\t\t\t\t<p>Conform\u00e9ment au RGPD, vous disposez des droits suivants concernant vos donn\u00e9es personnelles :<\/p><ul><li><strong>Droit d&rsquo;acc\u00e8s<\/strong> : obtenir une copie des donn\u00e9es que nous d\u00e9tenons.<\/li><li><strong>Droit de rectification<\/strong> : corriger toute donn\u00e9e inexacte ou incompl\u00e8te.<\/li><li><strong>Droit \u00e0 l&rsquo;effacement<\/strong> : demander la suppression de vos donn\u00e9es dans certaines conditions.<\/li><li><strong>Droit \u00e0 la limitation du traitement<\/strong> : restreindre le traitement de vos donn\u00e9es.<\/li><li><strong>Droit \u00e0 la portabilit\u00e9<\/strong> : recevoir les donn\u00e9es vous concernant dans un format structur\u00e9 et lisible.<\/li><li><strong>Droit d\u2019opposition<\/strong> : vous opposer au traitement de vos donn\u00e9es pour des motifs l\u00e9gitimes.<\/li><\/ul><p>Pour exercer ces droits,\u00a0 contactez-nous \u00e0 cette adresse mail : <strong>compagniedugriffon@free.fr<\/strong>. Une r\u00e9ponse vous sera donn\u00e9e dans les plus brefs d\u00e9lais.<\/p>\t\t\t\t\t\t\t\t<\/div>\n\t\t\t\t<\/div>\n\t\t\t\t<div class=\"elementor-element elementor-element-935a2a7 elementor-widget elementor-widget-heading\" data-id=\"935a2a7\" data-element_type=\"widget\" data-widget_type=\"heading.default\">\n\t\t\t\t<div class=\"elementor-widget-container\">\n\t\t\t\t\t<h3 class=\"elementor-heading-title elementor-size-default\">S\u00e9curit\u00e9 des Donn\u00e9es<\/h3>\t\t\t\t<\/div>\n\t\t\t\t<\/div>\n\t\t\t\t<div class=\"elementor-element elementor-element-07bd965 elementor-widget elementor-widget-text-editor\" data-id=\"07bd965\" data-element_type=\"widget\" data-widget_type=\"text-editor.default\">\n\t\t\t\t<div class=\"elementor-widget-container\">\n\t\t\t\t\t\t\t\t\t<p>Nous prenons des mesures de s\u00e9curit\u00e9 appropri\u00e9es pour prot\u00e9ger vos donn\u00e9es contre tout acc\u00e8s non autoris\u00e9, alt\u00e9ration, divulgation ou destruction. Nos bases de donn\u00e9es sont s\u00e9curis\u00e9es par des protocoles de chiffrement et des contr\u00f4les d\u2019acc\u00e8s stricts.<\/p>\t\t\t\t\t\t\t\t<\/div>\n\t\t\t\t<\/div>\n\t\t\t\t<div class=\"elementor-element elementor-element-ed8961d elementor-widget elementor-widget-heading\" data-id=\"ed8961d\" data-element_type=\"widget\" data-widget_type=\"heading.default\">\n\t\t\t\t<div class=\"elementor-widget-container\">\n\t\t\t\t\t<h3 class=\"elementor-heading-title elementor-size-default\"> Utilisation des Cookies<\/h3>\t\t\t\t<\/div>\n\t\t\t\t<\/div>\n\t\t\t\t<div class=\"elementor-element elementor-element-278d42c elementor-widget elementor-widget-text-editor\" data-id=\"278d42c\" data-element_type=\"widget\" data-widget_type=\"text-editor.default\">\n\t\t\t\t<div class=\"elementor-widget-container\">\n\t\t\t\t\t\t\t\t\t<p>Nous utilisons des cookies pour am\u00e9liorer votre navigation et analyser l\u2019audience de notre site. Vous pouvez g\u00e9rer vos pr\u00e9f\u00e9rences en mati\u00e8re de cookies via les param\u00e8tres de votre navigateur. Pour plus de d\u00e9tails, consultez notre politique de cookies.<\/p>\t\t\t\t\t\t\t\t<\/div>\n\t\t\t\t<\/div>\n\t\t\t\t<div class=\"elementor-element elementor-element-48b7172 elementor-widget elementor-widget-heading\" data-id=\"48b7172\" data-element_type=\"widget\" data-widget_type=\"heading.default\">\n\t\t\t\t<div class=\"elementor-widget-container\">\n\t\t\t\t\t<h3 class=\"elementor-heading-title elementor-size-default\">Modifications de la Politique de Confidentialit\u00e9<\/h3>\t\t\t\t<\/div>\n\t\t\t\t<\/div>\n\t\t\t\t<div class=\"elementor-element elementor-element-65c2d21 elementor-widget elementor-widget-text-editor\" data-id=\"65c2d21\" data-element_type=\"widget\" data-widget_type=\"text-editor.default\">\n\t\t\t\t<div class=\"elementor-widget-container\">\n\t\t\t\t\t\t\t\t\t<p>Cette politique de confidentialit\u00e9 peut \u00eatre mise \u00e0 jour p\u00e9riodiquement pour refl\u00e9ter les changements de nos pratiques ou de la l\u00e9gislation en vigueur. Toute mise \u00e0 jour sera publi\u00e9e sur cette page, et la date de la derni\u00e8re mise \u00e0 jour sera modifi\u00e9e en cons\u00e9quence.<\/p><p>En continuant \u00e0 utiliser notre site, vous acceptez les termes de cette politique de confidentialit\u00e9.<\/p>\t\t\t\t\t\t\t\t<\/div>\n\t\t\t\t<\/div>\n\t\t\t\t\t<\/div>\n\t\t\t\t<\/div>\n\t\t\t\t<\/div>\n\t\t\n    <div class=\"xs_social_share_widget xs_share_url after_content \t\tmain_content  wslu-style-1 wslu-share-box-shaped wslu-fill-colored wslu-none wslu-share-horizontal wslu-theme-font-no wslu-main_content\">\n\n\t\t\n        <ul>\n\t\t\t        <\/ul>\n    <\/div> \n","protected":false},"excerpt":{"rendered":"<p>Nous attachons une grande importance \u00e0 la protection de vos donn\u00e9es personnelles. Cette politique de confidentialit\u00e9 vous informe de la mani\u00e8re dont nous collectons, utilisons et prot\u00e9geons vos donn\u00e9es personnelles, conform\u00e9ment au R\u00e8glement G\u00e9n\u00e9ral sur la Protection des Donn\u00e9es (RGPD). Responsable du Traitement des Donn\u00e9es Le responsable du traitement des donn\u00e9es collect\u00e9es sur ce site [&hellip;]<\/p>\n","protected":false},"author":1,"featured_media":0,"parent":0,"menu_order":0,"comment_status":"closed","ping_status":"closed","template":"elementor_canvas","meta":{"footnotes":""},"class_list":["post-327","page","type-page","status-publish","hentry"],"yoast_head":"<!-- This site is optimized with the Yoast SEO plugin v26.4 - https:\/\/yoast.com\/wordpress\/plugins\/seo\/ -->\n<title>Politique de confidentialit\u00e9 - La Compagnie du Griffon<\/title>\n<meta name=\"robots\" content=\"index, follow, max-snippet:-1, max-image-preview:large, max-video-preview:-1\" \/>\n<link rel=\"canonical\" href=\"https:\/\/compagniedugriffon.fr\/index.php\/politique-de-confidentialite\/\" \/>\n<meta property=\"og:locale\" content=\"fr_FR\" \/>\n<meta property=\"og:type\" content=\"article\" \/>\n<meta property=\"og:title\" content=\"Politique de confidentialit\u00e9 - La Compagnie du Griffon\" \/>\n<meta property=\"og:description\" content=\"Nous attachons une grande importance \u00e0 la protection de vos donn\u00e9es personnelles. Cette politique de confidentialit\u00e9 vous informe de la mani\u00e8re dont nous collectons, utilisons et prot\u00e9geons vos donn\u00e9es personnelles, conform\u00e9ment au R\u00e8glement G\u00e9n\u00e9ral sur la Protection des Donn\u00e9es (RGPD). Responsable du Traitement des Donn\u00e9es Le responsable du traitement des donn\u00e9es collect\u00e9es sur ce site [&hellip;]\" \/>\n<meta property=\"og:url\" content=\"https:\/\/compagniedugriffon.fr\/index.php\/politique-de-confidentialite\/\" \/>\n<meta property=\"og:site_name\" content=\"La Compagnie du Griffon\" \/>\n<meta property=\"article:modified_time\" content=\"2024-12-04T19:09:10+00:00\" \/>\n<meta name=\"twitter:card\" content=\"summary_large_image\" \/>\n<meta name=\"twitter:label1\" content=\"Dur\u00e9e de lecture estim\u00e9e\" \/>\n\t<meta name=\"twitter:data1\" content=\"3 minutes\" \/>\n<script type=\"application\/ld+json\" class=\"yoast-schema-graph\">{\"@context\":\"https:\/\/schema.org\",\"@graph\":[{\"@type\":\"WebPage\",\"@id\":\"https:\/\/compagniedugriffon.fr\/index.php\/politique-de-confidentialite\/\",\"url\":\"https:\/\/compagniedugriffon.fr\/index.php\/politique-de-confidentialite\/\",\"name\":\"Politique de confidentialit\u00e9 - La Compagnie du Griffon\",\"isPartOf\":{\"@id\":\"https:\/\/compagniedugriffon.fr\/#website\"},\"datePublished\":\"2024-10-27T06:45:25+00:00\",\"dateModified\":\"2024-12-04T19:09:10+00:00\",\"breadcrumb\":{\"@id\":\"https:\/\/compagniedugriffon.fr\/index.php\/politique-de-confidentialite\/#breadcrumb\"},\"inLanguage\":\"fr-FR\",\"potentialAction\":[{\"@type\":\"ReadAction\",\"target\":[\"https:\/\/compagniedugriffon.fr\/index.php\/politique-de-confidentialite\/\"]}]},{\"@type\":\"BreadcrumbList\",\"@id\":\"https:\/\/compagniedugriffon.fr\/index.php\/politique-de-confidentialite\/#breadcrumb\",\"itemListElement\":[{\"@type\":\"ListItem\",\"position\":1,\"name\":\"Accueil\",\"item\":\"https:\/\/compagniedugriffon.fr\/\"},{\"@type\":\"ListItem\",\"position\":2,\"name\":\"Politique de confidentialit\u00e9\"}]},{\"@type\":\"WebSite\",\"@id\":\"https:\/\/compagniedugriffon.fr\/#website\",\"url\":\"https:\/\/compagniedugriffon.fr\/\",\"name\":\"La Compagnie du Griffon - Association M\u00e9di\u00e9vale\",\"description\":\"\",\"publisher\":{\"@id\":\"https:\/\/compagniedugriffon.fr\/#organization\"},\"potentialAction\":[{\"@type\":\"SearchAction\",\"target\":{\"@type\":\"EntryPoint\",\"urlTemplate\":\"https:\/\/compagniedugriffon.fr\/?s={search_term_string}\"},\"query-input\":{\"@type\":\"PropertyValueSpecification\",\"valueRequired\":true,\"valueName\":\"search_term_string\"}}],\"inLanguage\":\"fr-FR\"},{\"@type\":\"Organization\",\"@id\":\"https:\/\/compagniedugriffon.fr\/#organization\",\"name\":\"La Compagnie du Griffon - Association de reconstitution M\u00e9di\u00e9vale\",\"alternateName\":\"La Compagnie du Griffon - Association de reconstitution M\u00e9di\u00e9vale\",\"url\":\"https:\/\/compagniedugriffon.fr\/\",\"logo\":{\"@type\":\"ImageObject\",\"inLanguage\":\"fr-FR\",\"@id\":\"https:\/\/compagniedugriffon.fr\/#\/schema\/logo\/image\/\",\"url\":\"https:\/\/compagniedugriffon.fr\/wp-content\/uploads\/2024\/10\/Fichier-6-8.png\",\"contentUrl\":\"https:\/\/compagniedugriffon.fr\/wp-content\/uploads\/2024\/10\/Fichier-6-8.png\",\"width\":206,\"height\":302,\"caption\":\"La Compagnie du Griffon - Association de reconstitution M\u00e9di\u00e9vale\"},\"image\":{\"@id\":\"https:\/\/compagniedugriffon.fr\/#\/schema\/logo\/image\/\"}}]}<\/script>\n<!-- \/ Yoast SEO plugin. -->","yoast_head_json":{"title":"Politique de confidentialit\u00e9 - La Compagnie du Griffon","robots":{"index":"index","follow":"follow","max-snippet":"max-snippet:-1","max-image-preview":"max-image-preview:large","max-video-preview":"max-video-preview:-1"},"canonical":"https:\/\/compagniedugriffon.fr\/index.php\/politique-de-confidentialite\/","og_locale":"fr_FR","og_type":"article","og_title":"Politique de confidentialit\u00e9 - La Compagnie du Griffon","og_description":"Nous attachons une grande importance \u00e0 la protection de vos donn\u00e9es personnelles. Cette politique de confidentialit\u00e9 vous informe de la mani\u00e8re dont nous collectons, utilisons et prot\u00e9geons vos donn\u00e9es personnelles, conform\u00e9ment au R\u00e8glement G\u00e9n\u00e9ral sur la Protection des Donn\u00e9es (RGPD). Responsable du Traitement des Donn\u00e9es Le responsable du traitement des donn\u00e9es collect\u00e9es sur ce site [&hellip;]","og_url":"https:\/\/compagniedugriffon.fr\/index.php\/politique-de-confidentialite\/","og_site_name":"La Compagnie du Griffon","article_modified_time":"2024-12-04T19:09:10+00:00","twitter_card":"summary_large_image","twitter_misc":{"Dur\u00e9e de lecture estim\u00e9e":"3 minutes"},"schema":{"@context":"https:\/\/schema.org","@graph":[{"@type":"WebPage","@id":"https:\/\/compagniedugriffon.fr\/index.php\/politique-de-confidentialite\/","url":"https:\/\/compagniedugriffon.fr\/index.php\/politique-de-confidentialite\/","name":"Politique de confidentialit\u00e9 - La Compagnie du Griffon","isPartOf":{"@id":"https:\/\/compagniedugriffon.fr\/#website"},"datePublished":"2024-10-27T06:45:25+00:00","dateModified":"2024-12-04T19:09:10+00:00","breadcrumb":{"@id":"https:\/\/compagniedugriffon.fr\/index.php\/politique-de-confidentialite\/#breadcrumb"},"inLanguage":"fr-FR","potentialAction":[{"@type":"ReadAction","target":["https:\/\/compagniedugriffon.fr\/index.php\/politique-de-confidentialite\/"]}]},{"@type":"BreadcrumbList","@id":"https:\/\/compagniedugriffon.fr\/index.php\/politique-de-confidentialite\/#breadcrumb","itemListElement":[{"@type":"ListItem","position":1,"name":"Accueil","item":"https:\/\/compagniedugriffon.fr\/"},{"@type":"ListItem","position":2,"name":"Politique de confidentialit\u00e9"}]},{"@type":"WebSite","@id":"https:\/\/compagniedugriffon.fr\/#website","url":"https:\/\/compagniedugriffon.fr\/","name":"La Compagnie du Griffon - Association M\u00e9di\u00e9vale","description":"","publisher":{"@id":"https:\/\/compagniedugriffon.fr\/#organization"},"potentialAction":[{"@type":"SearchAction","target":{"@type":"EntryPoint","urlTemplate":"https:\/\/compagniedugriffon.fr\/?s={search_term_string}"},"query-input":{"@type":"PropertyValueSpecification","valueRequired":true,"valueName":"search_term_string"}}],"inLanguage":"fr-FR"},{"@type":"Organization","@id":"https:\/\/compagniedugriffon.fr\/#organization","name":"La Compagnie du Griffon - Association de reconstitution M\u00e9di\u00e9vale","alternateName":"La Compagnie du Griffon - Association de reconstitution M\u00e9di\u00e9vale","url":"https:\/\/compagniedugriffon.fr\/","logo":{"@type":"ImageObject","inLanguage":"fr-FR","@id":"https:\/\/compagniedugriffon.fr\/#\/schema\/logo\/image\/","url":"https:\/\/compagniedugriffon.fr\/wp-content\/uploads\/2024\/10\/Fichier-6-8.png","contentUrl":"https:\/\/compagniedugriffon.fr\/wp-content\/uploads\/2024\/10\/Fichier-6-8.png","width":206,"height":302,"caption":"La Compagnie du Griffon - Association de reconstitution M\u00e9di\u00e9vale"},"image":{"@id":"https:\/\/compagniedugriffon.fr\/#\/schema\/logo\/image\/"}}]}},"_links":{"self":[{"href":"https:\/\/compagniedugriffon.fr\/index.php\/wp-json\/wp\/v2\/pages\/327","targetHints":{"allow":["GET"]}}],"collection":[{"href":"https:\/\/compagniedugriffon.fr\/index.php\/wp-json\/wp\/v2\/pages"}],"about":[{"href":"https:\/\/compagniedugriffon.fr\/index.php\/wp-json\/wp\/v2\/types\/page"}],"author":[{"embeddable":true,"href":"https:\/\/compagniedugriffon.fr\/index.php\/wp-json\/wp\/v2\/users\/1"}],"replies":[{"embeddable":true,"href":"https:\/\/compagniedugriffon.fr\/index.php\/wp-json\/wp\/v2\/comments?post=327"}],"version-history":[{"count":19,"href":"https:\/\/compagniedugriffon.fr\/index.php\/wp-json\/wp\/v2\/pages\/327\/revisions"}],"predecessor-version":[{"id":1749,"href":"https:\/\/compagniedugriffon.fr\/index.php\/wp-json\/wp\/v2\/pages\/327\/revisions\/1749"}],"wp:attachment":[{"href":"https:\/\/compagniedugriffon.fr\/index.php\/wp-json\/wp\/v2\/media?parent=327"}],"curies":[{"name":"wp","href":"https:\/\/api.w.org\/{rel}","templated":true}]}}